{"id":6006,"date":"2024-07-10T22:08:57","date_gmt":"2024-07-11T01:08:57","guid":{"rendered":"https:\/\/federicorozo.com\/rola\/?page_id=6006"},"modified":"2024-07-10T22:09:54","modified_gmt":"2024-07-11T01:09:54","slug":"privacy","status":"publish","type":"page","link":"https:\/\/rola.la\/rola\/privacy\/","title":{"rendered":"Privacy"},"content":{"rendered":"\t\t<div data-elementor-type=\"wp-page\" data-elementor-id=\"6006\" class=\"elementor elementor-6006\">\n\t\t\t\t<div class=\"elementor-element elementor-element-d60ce21 e-flex e-con-boxed wpr-particle-no wpr-jarallax-no wpr-parallax-no wpr-sticky-section-no e-con e-parent\" data-id=\"d60ce21\" data-element_type=\"container\">\n\t\t\t\t\t<div class=\"e-con-inner\">\n\t\t\t\t<div class=\"elementor-element elementor-element-bd9bd77 elementor-widget elementor-widget-text-editor\" data-id=\"bd9bd77\" data-element_type=\"widget\" data-widget_type=\"text-editor.default\">\n\t\t\t\t<div class=\"elementor-widget-container\">\n\t\t\t\t\t\t\t\t\t<p><span style=\"font-weight: 400;\">\u00a0<\/span><\/p><p><span style=\"font-weight: 400;\">**Aviso de Privacidad**<\/span><\/p><p><span style=\"font-weight: 400;\">\u00a0<\/span><\/p><p><span style=\"font-weight: 400;\">Rola Entertainment LLC respeta su privacidad y se compromete a proteger sus datos personales. Este aviso de privacidad describe c\u00f3mo Rola Entertainment LLC recopila, utiliza y protege la informaci\u00f3n personal que usted nos proporciona a trav\u00e9s de este sitio web.<\/span><\/p><p><span style=\"font-weight: 400;\">\u00a0<\/span><\/p><p><span style=\"font-weight: 400;\">**Informaci\u00f3n que recopilamos**<\/span><\/p><p><span style=\"font-weight: 400;\">\u00a0<\/span><\/p><p><span style=\"font-weight: 400;\">Podemos recopilar la siguiente informaci\u00f3n personal cuando usted:<\/span><\/p><p><span style=\"font-weight: 400;\">\u00a0<\/span><\/p><p><span style=\"font-weight: 400;\">&#8211; Se registra en nuestro sitio web.<\/span><\/p><p><span style=\"font-weight: 400;\">&#8211; Se suscribe a nuestro bolet\u00edn informativo.<\/span><\/p><p><span style=\"font-weight: 400;\">&#8211; Realiza una compra en l\u00ednea.<\/span><\/p><p><span style=\"font-weight: 400;\">&#8211; Participa en encuestas o promociones.<\/span><\/p><p><span style=\"font-weight: 400;\">\u00a0<\/span><\/p><p><span style=\"font-weight: 400;\">La informaci\u00f3n personal que podemos recopilar incluye su nombre, direcci\u00f3n de correo electr\u00f3nico, direcci\u00f3n postal, n\u00famero de tel\u00e9fono y detalles de pago.<\/span><\/p><p><span style=\"font-weight: 400;\">\u00a0<\/span><\/p><p><span style=\"font-weight: 400;\">**Uso de la informaci\u00f3n recopilada**<\/span><\/p><p><span style=\"font-weight: 400;\">\u00a0<\/span><\/p><p><span style=\"font-weight: 400;\">Utilizamos la informaci\u00f3n que recopilamos para:<\/span><\/p><p><span style=\"font-weight: 400;\">\u00a0<\/span><\/p><p><span style=\"font-weight: 400;\">&#8211; Personalizar su experiencia en nuestro sitio web.<\/span><\/p><p><span style=\"font-weight: 400;\">&#8211; Procesar sus pedidos y pagos.<\/span><\/p><p><span style=\"font-weight: 400;\">&#8211; Enviarle comunicaciones promocionales.<\/span><\/p><p><span style=\"font-weight: 400;\">&#8211; Mejorar nuestros productos y servicios.<\/span><\/p><p><span style=\"font-weight: 400;\">\u00a0<\/span><\/p><p><span style=\"font-weight: 400;\">**Seguridad de la informaci\u00f3n**<\/span><\/p><p><span style=\"font-weight: 400;\">\u00a0<\/span><\/p><p><span style=\"font-weight: 400;\">Nos comprometemos a garantizar que su informaci\u00f3n est\u00e9 segura. Hemos implementado medidas f\u00edsicas, electr\u00f3nicas y administrativas para evitar el acceso no autorizado o la divulgaci\u00f3n de su informaci\u00f3n personal.<\/span><\/p><p><span style=\"font-weight: 400;\">\u00a0<\/span><\/p><p><span style=\"font-weight: 400;\">**Divulgaci\u00f3n de informaci\u00f3n a terceros**<\/span><\/p><p><span style=\"font-weight: 400;\">\u00a0<\/span><\/p><p><span style=\"font-weight: 400;\">No vendemos, intercambiamos ni transferimos su informaci\u00f3n personal a terceros sin su consentimiento, excepto cuando sea necesario para cumplir con una obligaci\u00f3n legal.<\/span><\/p><p><span style=\"font-weight: 400;\">\u00a0<\/span><\/p><p><span style=\"font-weight: 400;\">**Acceso y control de su informaci\u00f3n personal**<\/span><\/p><p><span style=\"font-weight: 400;\">\u00a0<\/span><\/p><p><span style=\"font-weight: 400;\">Usted tiene derecho a acceder, corregir y eliminar la informaci\u00f3n personal que tenemos sobre usted. Si desea ejercer este derecho, cont\u00e1ctenos a trav\u00e9s de los datos de contacto proporcionados al final de este aviso de privacidad.<\/span><\/p><p><span style=\"font-weight: 400;\">\u00a0<\/span><\/p><p><span style=\"font-weight: 400;\">**Cambios a este aviso de privacidad**<\/span><\/p><p><span style=\"font-weight: 400;\">\u00a0<\/span><\/p><p><span style=\"font-weight: 400;\">Nos reservamos el derecho de actualizar este aviso de privacidad en cualquier momento. Le recomendamos que revise peri\u00f3dicamente este aviso para estar al tanto de cualquier cambio.<\/span><\/p><p><span style=\"font-weight: 400;\">\u00a0<\/span><\/p><p><span style=\"font-weight: 400;\">**Contacto**<\/span><\/p><p><span style=\"font-weight: 400;\">\u00a0<\/span><\/p><p><span style=\"font-weight: 400;\">Si tiene alguna pregunta sobre este aviso de privacidad, cont\u00e1ctenos a trav\u00e9s de info@rola.la<\/span><\/p><p><span style=\"font-weight: 400;\">\u00a0<\/span><\/p><p><span style=\"font-weight: 400;\">Fecha de entrada en vigor: Mayo 31, 2024.<\/span><\/p><p><span style=\"font-weight: 400;\">\u00a0<\/span><\/p><p><br \/><br \/><\/p>\t\t\t\t\t\t\t\t<\/div>\n\t\t\t\t<\/div>\n\t\t\t\t\t<\/div>\n\t\t\t\t<\/div>\n\t\t\t\t<\/div>\n\t\t","protected":false},"excerpt":{"rendered":"<p>\u00a0 **Aviso de Privacidad** \u00a0 Rola Entertainment LLC respeta su privacidad y se compromete a proteger sus datos personales. Este aviso de privacidad describe c\u00f3mo Rola Entertainment LLC recopila, utiliza y protege la informaci\u00f3n personal que usted nos proporciona a trav\u00e9s de este sitio web. \u00a0 **Informaci\u00f3n que recopilamos** \u00a0 Podemos recopilar la siguiente informaci\u00f3n personal cuando usted: \u00a0 &#8211; Se registra en nuestro sitio web. &#8211; Se suscribe a nuestro bolet\u00edn informativo. &#8211; Realiza una compra en l\u00ednea. &#8211; Participa en encuestas o promociones. \u00a0 La informaci\u00f3n personal que podemos recopilar incluye su nombre, direcci\u00f3n de correo electr\u00f3nico, direcci\u00f3n postal, n\u00famero de tel\u00e9fono y detalles de pago. \u00a0 **Uso de la informaci\u00f3n recopilada** \u00a0 Utilizamos la informaci\u00f3n que recopilamos para: \u00a0 &#8211; Personalizar su experiencia en nuestro sitio web. &#8211; Procesar sus pedidos y pagos. &#8211; Enviarle comunicaciones promocionales. &#8211; Mejorar nuestros productos y servicios. \u00a0 **Seguridad de la informaci\u00f3n** \u00a0 Nos comprometemos a garantizar que su informaci\u00f3n est\u00e9 segura. Hemos implementado medidas f\u00edsicas, electr\u00f3nicas y administrativas para evitar el acceso no autorizado o la divulgaci\u00f3n de su informaci\u00f3n personal. \u00a0 **Divulgaci\u00f3n de informaci\u00f3n a terceros** \u00a0 No vendemos, intercambiamos ni transferimos su informaci\u00f3n personal a terceros sin su consentimiento, excepto cuando sea necesario para cumplir con una obligaci\u00f3n legal. \u00a0 **Acceso y control de su informaci\u00f3n personal** \u00a0 Usted tiene derecho a acceder, corregir y eliminar la informaci\u00f3n personal que tenemos sobre usted. Si desea ejercer este derecho, cont\u00e1ctenos a trav\u00e9s de los datos de contacto proporcionados al final de este aviso de privacidad. \u00a0 **Cambios a este aviso de privacidad** \u00a0 Nos reservamos el derecho de actualizar este aviso de privacidad en cualquier momento. Le recomendamos que revise peri\u00f3dicamente este aviso para estar al tanto de cualquier cambio. \u00a0 **Contacto** \u00a0 Si tiene alguna pregunta sobre este aviso de privacidad, cont\u00e1ctenos a trav\u00e9s de info@rola.la \u00a0 Fecha de entrada en vigor: Mayo 31, 2024. \u00a0<\/p>\n","protected":false},"author":2,"featured_media":0,"parent":0,"menu_order":0,"comment_status":"closed","ping_status":"closed","template":"","meta":{"site-sidebar-layout":"no-sidebar","site-content-layout":"","ast-site-content-layout":"full-width-container","site-content-style":"default","site-sidebar-style":"default","ast-global-header-display":"","ast-banner-title-visibility":"","ast-main-header-display":"","ast-hfb-above-header-display":"","ast-hfb-below-header-display":"","ast-hfb-mobile-header-display":"","site-post-title":"disabled","ast-breadcrumbs-content":"","ast-featured-img":"disabled","footer-sml-layout":"","theme-transparent-header-meta":"","adv-header-id-meta":"","stick-header-meta":"","header-above-stick-meta":"","header-main-stick-meta":"","header-below-stick-meta":"","astra-migrate-meta-layouts":"default","ast-page-background-enabled":"default","ast-page-background-meta":{"desktop":{"background-color":"var(--ast-global-color-4)","background-image":"","background-repeat":"repeat","background-position":"center center","background-size":"auto","background-attachment":"scroll","background-type":"","background-media":"","overlay-type":"","overlay-color":"","overlay-gradient":""},"tablet":{"background-color":"","background-image":"","background-repeat":"repeat","background-position":"center center","background-size":"auto","background-attachment":"scroll","background-type":"","background-media":"","overlay-type":"","overlay-color":"","overlay-gradient":""},"mobile":{"background-color":"","background-image":"","background-repeat":"repeat","background-position":"center center","background-size":"auto","background-attachment":"scroll","background-type":"","background-media":"","overlay-type":"","overlay-color":"","overlay-gradient":""}},"ast-content-background-meta":{"desktop":{"background-color":"var(--ast-global-color-5)","background-image":"","background-repeat":"repeat","background-position":"center center","background-size":"auto","background-attachment":"scroll","background-type":"","background-media":"","overlay-type":"","overlay-color":"","overlay-gradient":""},"tablet":{"background-color":"var(--ast-global-color-5)","background-image":"","background-repeat":"repeat","background-position":"center center","background-size":"auto","background-attachment":"scroll","background-type":"","background-media":"","overlay-type":"","overlay-color":"","overlay-gradient":""},"mobile":{"background-color":"var(--ast-global-color-5)","background-image":"","background-repeat":"repeat","background-position":"center center","background-size":"auto","background-attachment":"scroll","background-type":"","background-media":"","overlay-type":"","overlay-color":"","overlay-gradient":""}},"footnotes":""},"class_list":["post-6006","page","type-page","status-publish","hentry"],"_links":{"self":[{"href":"https:\/\/rola.la\/rola\/wp-json\/wp\/v2\/pages\/6006","targetHints":{"allow":["GET"]}}],"collection":[{"href":"https:\/\/rola.la\/rola\/wp-json\/wp\/v2\/pages"}],"about":[{"href":"https:\/\/rola.la\/rola\/wp-json\/wp\/v2\/types\/page"}],"author":[{"embeddable":true,"href":"https:\/\/rola.la\/rola\/wp-json\/wp\/v2\/users\/2"}],"replies":[{"embeddable":true,"href":"https:\/\/rola.la\/rola\/wp-json\/wp\/v2\/comments?post=6006"}],"version-history":[{"count":4,"href":"https:\/\/rola.la\/rola\/wp-json\/wp\/v2\/pages\/6006\/revisions"}],"predecessor-version":[{"id":6010,"href":"https:\/\/rola.la\/rola\/wp-json\/wp\/v2\/pages\/6006\/revisions\/6010"}],"wp:attachment":[{"href":"https:\/\/rola.la\/rola\/wp-json\/wp\/v2\/media?parent=6006"}],"curies":[{"name":"wp","href":"https:\/\/api.w.org\/{rel}","templated":true}]}}