{"id":203,"date":"2024-03-20T22:21:35","date_gmt":"2024-03-21T01:21:35","guid":{"rendered":"https:\/\/federicorozo.com\/rola\/?page_id=203"},"modified":"2024-11-19T20:56:25","modified_gmt":"2024-11-19T23:56:25","slug":"cine","status":"publish","type":"page","link":"https:\/\/rola.la\/rola\/cine\/","title":{"rendered":"CINE"},"content":{"rendered":"\t\t<div data-elementor-type=\"wp-page\" data-elementor-id=\"203\" class=\"elementor elementor-203\">\n\t\t\t\t<div class=\"elementor-element elementor-element-39437ca8 que-hacemos-cine-container e-flex e-con-boxed wpr-particle-no wpr-jarallax-no wpr-parallax-no wpr-sticky-section-no e-con e-child\" data-id=\"39437ca8\" data-element_type=\"container\" data-settings=\"{&quot;background_background&quot;:&quot;classic&quot;}\">\n\t\t\t\t\t<div class=\"e-con-inner\">\n\t\t\t\t<div class=\"elementor-element elementor-element-32e374c1 elementor-widget elementor-widget-text-editor\" data-id=\"32e374c1\" data-element_type=\"widget\" data-widget_type=\"text-editor.default\">\n\t\t\t\t<div class=\"elementor-widget-container\">\n\t\t\t\t\t\t\t\t\t<div class=\"rola-punch-phrase__section\"><div class=\"rola-punch-phrase__section--vertical-rectangle vertical-rectangle--cine\">\u00a0<\/div><div class=\"content\"><span class=\"material-icons-outlined que-hacemos-icon\"><br \/>movie<br \/><\/span><br \/><span class=\"rola-custom-que-hacemos\">\u00bfQu\u00e9 hacemos?<\/span><br \/><span class=\"rola-custom-que-hacemos-content\"><br \/><span style=\"font-weight: 400;\">Somos distribuidores autorizados para las pel\u00edculas de los principales estudios de Hollywood. Nos encargamos de la estrategia de distribuci\u00f3n y de marketing con el objetivo de generar la difusi\u00f3n \u00a0y asegurar el \u00e9xito en taquilla en nuestros territorios<\/span>.<br \/><\/span><\/div><\/div>\t\t\t\t\t\t\t\t<\/div>\n\t\t\t\t<\/div>\n\t\t\t\t\t<\/div>\n\t\t\t\t<\/div>\n\t\t<div class=\"elementor-element elementor-element-805bca3 e-con-full logos-cine-container e-flex wpr-particle-no wpr-jarallax-no wpr-parallax-no wpr-sticky-section-no e-con e-parent\" data-id=\"805bca3\" data-element_type=\"container\">\n\t\t<div class=\"elementor-element elementor-element-a3c132a e-con-full e-flex wpr-particle-no wpr-jarallax-no wpr-parallax-no wpr-sticky-section-no e-con e-child\" data-id=\"a3c132a\" data-element_type=\"container\">\n\t\t\t\t<div class=\"elementor-element elementor-element-a1102cc elementor-widget__width-initial elementor-widget elementor-widget-image\" data-id=\"a1102cc\" data-element_type=\"widget\" data-widget_type=\"image.default\">\n\t\t\t\t<div class=\"elementor-widget-container\">\n\t\t\t\t\t\t\t\t\t\t\t\t\t\t\t\t<a href=\"https:\/\/rola.la\/rola\/cine\/warner\/\">\n\t\t\t\t\t\t\t<img fetchpriority=\"high\" decoding=\"async\" width=\"1024\" height=\"273\" src=\"https:\/\/rola.la\/rola\/wp-content\/uploads\/2024\/04\/LogoWarnerBros-1024x273.png\" class=\"attachment-large size-large wp-image-553\" alt=\"\" srcset=\"https:\/\/rola.la\/rola\/wp-content\/uploads\/2024\/04\/LogoWarnerBros-1024x273.png 1024w, https:\/\/rola.la\/rola\/wp-content\/uploads\/2024\/04\/LogoWarnerBros-300x80.png 300w, https:\/\/rola.la\/rola\/wp-content\/uploads\/2024\/04\/LogoWarnerBros-768x204.png 768w, https:\/\/rola.la\/rola\/wp-content\/uploads\/2024\/04\/LogoWarnerBros.png 1127w\" sizes=\"(max-width: 1024px) 100vw, 1024px\" \/>\t\t\t\t\t\t\t\t<\/a>\n\t\t\t\t\t\t\t\t\t\t\t\t\t\t\t<\/div>\n\t\t\t\t<\/div>\n\t\t\t\t<\/div>\n\t\t<div class=\"elementor-element elementor-element-0f126f7 e-con-full e-flex wpr-particle-no wpr-jarallax-no wpr-parallax-no wpr-sticky-section-no e-con e-child\" data-id=\"0f126f7\" data-element_type=\"container\">\n\t\t\t\t<div class=\"elementor-element elementor-element-f805cb2 elementor-widget__width-initial elementor-widget elementor-widget-image\" data-id=\"f805cb2\" data-element_type=\"widget\" data-widget_type=\"image.default\">\n\t\t\t\t<div class=\"elementor-widget-container\">\n\t\t\t\t\t\t\t\t\t\t\t\t\t\t\t\t<a href=\"https:\/\/rola.la\/rola\/cine\/disney\/\">\n\t\t\t\t\t\t\t<img decoding=\"async\" width=\"577\" height=\"133\" src=\"https:\/\/rola.la\/rola\/wp-content\/uploads\/2024\/05\/logo-disney.png\" class=\"attachment-large size-large wp-image-1830\" alt=\"\" srcset=\"https:\/\/rola.la\/rola\/wp-content\/uploads\/2024\/05\/logo-disney.png 577w, https:\/\/rola.la\/rola\/wp-content\/uploads\/2024\/05\/logo-disney-300x69.png 300w\" sizes=\"(max-width: 577px) 100vw, 577px\" \/>\t\t\t\t\t\t\t\t<\/a>\n\t\t\t\t\t\t\t\t\t\t\t\t\t\t\t<\/div>\n\t\t\t\t<\/div>\n\t\t\t\t<\/div>\n\t\t\t\t<\/div>\n\t\t<div class=\"elementor-element elementor-element-1f51af2f e-flex e-con-boxed wpr-particle-no wpr-jarallax-no wpr-parallax-no wpr-sticky-section-no e-con e-parent\" data-id=\"1f51af2f\" data-element_type=\"container\">\n\t\t\t\t\t<div class=\"e-con-inner\">\n\t\t\t\t<div class=\"elementor-element elementor-element-76c7957f elementor-widget elementor-widget-html\" data-id=\"76c7957f\" data-element_type=\"widget\" data-widget_type=\"html.default\">\n\t\t\t\t<div class=\"elementor-widget-container\">\n\t\t\t\t\t<div class=\"custom-rola-form-footer\">\r\n  <div class=\"col-left\">\r\n    <p id=\"title-escribenos\">Escr\u00edbenos<\/p>\r\n    <p id=\"custom-rola-mb-32\"><strong>ESTAMOS PARA AYUDARTE<\/strong><\/p>\r\n    <p>Nuestro equipo est\u00e1 listo para ayudarte<br\/>Por favor d\u00e9janos tus datos y nos<br\/> pondremos en contacto contigo a la<br\/> brevedad.<\/p>\r\n    <hr>\r\n  <!-- social icons -->\r\n  <ul class=\"footer-social-icons\">\r\n  \r\n  \r\n  <li class=\"footer-social-icons-item\"><a target=\"_blank\" href=\"https:\/\/www.instagram.com\/rolaentertainment\/\"><img decoding=\"async\" src=\"https:\/\/rola.la\/rola\/wp-content\/uploads\/2024\/05\/insta-icon.png\" alt=\"\"><\/a><\/li>\r\n  <li class=\"footer-social-icons-item\" style=\"\r\n    width: 24px;\r\n    height: 37px;\r\n    bottom: 2px;\r\n    position: relative;\r\n\"><a target=\"_blank\" href=\"https:\/\/www.linkedin.com\/company\/rola-entertainment-llc\/\">\r\n      <svg xmlns=\"http:\/\/www.w3.org\/2000\/svg\" viewBox=\"0 0 448 512\"><path d=\"M416 32H31.9C14.3 32 0 46.5 0 64.3v383.4C0 465.5 14.3 480 31.9 480H416c17.6 0 32-14.5 32-32.3V64.3c0-17.8-14.4-32.3-32-32.3zM135.4 416H69V202.2h66.5V416zm-33.2-243c-21.3 0-38.5-17.3-38.5-38.5S80.9 96 102.2 96c21.2 0 38.5 17.3 38.5 38.5 0 21.3-17.2 38.5-38.5 38.5zm282.1 243h-66.4V312c0-24.8-.5-56.7-34.5-56.7-34.6 0-39.9 27-39.9 54.9V416h-66.4V202.2h63.7v29.2h.9c8.9-16.8 30.6-34.5 62.9-34.5 67.2 0 79.7 44.3 79.7 101.9V416z\"><\/path><\/svg>\r\n      <\/a>\r\n  <\/li>\r\n<\/ul>\r\n  <\/div>\r\n<div class=\"col-right\">\r\n  <form id=\"contact-form\" method=\"POST\" action=\"https:\/\/rola.la\/rola\/wp-admin\/admin-post.php\">\r\n    <div class=\"first-row\">\r\n      <input type=\"text\" name=\"name\" placeholder=\"Nombre\" class=\"first-field\">\r\n\r\n      <select name=\"country\" class=\"first-field\">\r\n            <option value=\"\">Pa\u00eds<\/option>\r\n            <option value=\"test\">test<\/option>\r\n            <option value=\"Bolivia\">Bolivia<\/option>\r\n            <option value=\"Ecuador\">Ecuador<\/option>\r\n            <option value=\"Costa Rica\">Costa Rica<\/option>\r\n            <option value=\"El Salvador\">El Salvador<\/option>\r\n            <option value=\"Guatemala\">Guatemala<\/option>\r\n            <option value=\"Honduras\">Honduras<\/option>\r\n            <option value=\"Mexico\">Mexico<\/option>\r\n            <option value=\"Nicaragua\">Nicaragua<\/option>\r\n            <option value=\"Panama\">Panama<\/option>\r\n            <option value=\"Paraguay\">Paraguay<\/option>\r\n            <option value=\"Peru\">Peru<\/option>\r\n            <option value=\"Republica Dominicana\">Republica Dominicana<\/option>\r\n            <option value=\"USA\">USA<\/option>\r\n            <option value=\"Puerto Rico\">Puerto Rico<\/option>\r\n        <\/select>\r\n      <input type=\"email\" name=\"email\" placeholder=\"E-mail\" class=\"second-field\">\r\n    <\/div>\r\n    <textarea name=\"message\" placeholder=\"Cu\u00e9ntanos como podemos ayudarte\" rows=\"5\"\r\n      class=\"second-row\"><\/textarea>\r\n      <p class=\"contact-form-privacy-consent\">\r\n        <input \r\n            id=\"contact-privacy-consent\" \r\n            name=\"contact_privacy_consent[]\" \r\n            type=\"checkbox\" \r\n            required=\"required\">\r\n        <label for=\"contact-privacy-consent\">Acepto la <a target=\"_blank\" style=\"color: unset;\" href=\"https:\/\/rola.la\/rola\/privacy\">pol\u00edtica de privacidad<\/a><\/label>\r\n    <\/p>\r\n    <p class=\"contact-form-privacy-consent\">\r\n        <input \r\n            id=\"contact-privacy-consent\" \r\n            name=\"contact_privacy_consent[]\" \r\n            type=\"checkbox\" \r\n            required=\"required\">\r\n        <label for=\"contact-privacy-consent\">Acepto los <a target=\"_blank\" style=\"color: unset;\" href=\"https:\/\/rola.la\/rola\/disclaimer\/\">Terminos y Condiciones<\/a><\/label>\r\n    <\/p>\r\n    <button type=\"submit\" class=\"third-row\">Env\u00eda un mensaje<\/button>\r\n    <input type=\"hidden\" name=\"action\" value=\"submit_contact_form\">\r\n  <\/form>\r\n<\/div>\r\n<\/div>\t\t\t\t<\/div>\n\t\t\t\t<\/div>\n\t\t\t\t<div class=\"elementor-element elementor-element-46c82b6b elementor-widget elementor-widget-html\" data-id=\"46c82b6b\" data-element_type=\"widget\" data-widget_type=\"html.default\">\n\t\t\t\t<div class=\"elementor-widget-container\">\n\t\t\t\t\t<!--<div class=\"custom-rola-footer\">\r\n  <div class=\"col-left\">\r\n    <div class=\"logo\"><img decoding=\"async\" src=\"https:\/\/rola.la\/rola\/wp-content\/uploads\/2024\/05\/footer-logo.png\"><\/div>\r\n    <div class=\"data\">\r\n      Headquarters<br \/>\r\n      Rola Entertainment LLC<br \/>\r\n      14 NE 1st Ave. Ste. 1107<br \/>\r\n      Miami Florida, 33132 USA<br \/>\r\n    <\/div>\r\n  <\/div>\r\n  <div class=\"col-right\">\r\n    <h4>Newsletter<\/h4>\r\n    <p>Sucr\u00edbete aqu\u00ed<\/p>\r\n    <a href=\"mailto:fanapal.design@gmail.com?subject=Asunto%20con%20espacios&body=Este%20es%20el%20cuerpo%20del%20mensaje\" style=\"text-decoration: none\"><button><span>Email<\/span><span><img decoding=\"async\" src=\"https:\/\/rola.la\/rola\/wp-content\/uploads\/2024\/05\/envelop.png\"><\/span><\/button><\/a>\r\n  <\/div>\r\n<\/div> -->\r\n\r\n<div class=\"custom-rola-footer\">\r\n  <div class=\"col-left\">\r\n    <div class=\"logo\"><img decoding=\"async\" src=\"https:\/\/rola.la\/rola\/wp-content\/uploads\/2024\/05\/footer-logo.png\" alt=\"Rola Entertainment Logo\"><\/div>\r\n    <div class=\"data\">\r\n      Headquarters<br>\r\n      Rola Entertainment LLC<br>\r\n      14 NE 1st Ave. Ste. 1107<br>\r\n      Miami Florida, 33132 USA<br>\r\n    <\/div>\r\n  <\/div>\r\n  <div class=\"col-right\">\r\n    <h4>Newsletter<\/h4>\r\n    <p>Suscr\u00edbete aqu\u00ed para recibir las \u00faltimas noticias y actualizaciones<\/p>\r\n    <form id=\"newsletter-form\" class=\"newsletter-form\">\r\n      <input type=\"email\" name=\"email\" class=\"first-field\" placeholder=\"Ingrese su correo electr\u00f3nico\" required>\r\n      <button type=\"submit\">\r\n        <span>Suscribirse<\/span>\r\n        <img decoding=\"async\" src=\"https:\/\/rola.la\/rola\/wp-content\/uploads\/2024\/05\/envelop.png\" alt=\"Envelope icon\">\r\n      <\/button>\r\n    <\/form>\r\n  <\/div>\r\n<\/div>\r\n\r\n<div id=\"newsletter-popup\" class=\"newsletter-popup\" style=\"display: none;\">\r\n  <div class=\"popup-content\">\r\n    <p id=\"popup-message\"><\/p>\r\n    <button id=\"close-popup\">Cerrar<\/button>\r\n  <\/div>\r\n<\/div>\t\t\t\t<\/div>\n\t\t\t\t<\/div>\n\t\t\t\t\t<\/div>\n\t\t\t\t<\/div>\n\t\t\t\t<\/div>\n\t\t","protected":false},"excerpt":{"rendered":"<p>\u00a0movie \u00bfQu\u00e9 hacemos? Somos distribuidores autorizados para las pel\u00edculas de los principales estudios de Hollywood. Nos encargamos de la estrategia de distribuci\u00f3n y de marketing con el objetivo de generar la difusi\u00f3n \u00a0y asegurar el \u00e9xito en taquilla en nuestros territorios. Escr\u00edbenos ESTAMOS PARA AYUDARTE Nuestro equipo est\u00e1 listo para ayudartePor favor d\u00e9janos tus datos y nos pondremos en contacto contigo a la brevedad. Pa\u00edstestBoliviaEcuadorCosta RicaEl SalvadorGuatemalaHondurasMexicoNicaraguaPanamaParaguayPeruRepublica DominicanaUSAPuerto Rico Acepto la pol\u00edtica de privacidad Acepto los Terminos y Condiciones Env\u00eda un mensaje Headquarters Rola Entertainment LLC 14 NE 1st Ave. Ste. 1107 Miami Florida, 33132 USA Newsletter Suscr\u00edbete aqu\u00ed para recibir las \u00faltimas noticias y actualizaciones Suscribirse Cerrar<\/p>\n","protected":false},"author":2,"featured_media":0,"parent":0,"menu_order":0,"comment_status":"closed","ping_status":"closed","template":"","meta":{"site-sidebar-layout":"no-sidebar","site-content-layout":"","ast-site-content-layout":"full-width-container","site-content-style":"default","site-sidebar-style":"default","ast-global-header-display":"","ast-banner-title-visibility":"","ast-main-header-display":"","ast-hfb-above-header-display":"","ast-hfb-below-header-display":"","ast-hfb-mobile-header-display":"","site-post-title":"disabled","ast-breadcrumbs-content":"","ast-featured-img":"disabled","footer-sml-layout":"","theme-transparent-header-meta":"","adv-header-id-meta":"","stick-header-meta":"","header-above-stick-meta":"","header-main-stick-meta":"","header-below-stick-meta":"","astra-migrate-meta-layouts":"default","ast-page-background-enabled":"default","ast-page-background-meta":{"desktop":{"background-color":"var(--ast-global-color-4)","background-image":"","background-repeat":"repeat","background-position":"center center","background-size":"auto","background-attachment":"scroll","background-type":"","background-media":"","overlay-type":"","overlay-color":"","overlay-gradient":""},"tablet":{"background-color":"","background-image":"","background-repeat":"repeat","background-position":"center center","background-size":"auto","background-attachment":"scroll","background-type":"","background-media":"","overlay-type":"","overlay-color":"","overlay-gradient":""},"mobile":{"background-color":"","background-image":"","background-repeat":"repeat","background-position":"center center","background-size":"auto","background-attachment":"scroll","background-type":"","background-media":"","overlay-type":"","overlay-color":"","overlay-gradient":""}},"ast-content-background-meta":{"desktop":{"background-color":"var(--ast-global-color-5)","background-image":"","background-repeat":"repeat","background-position":"center center","background-size":"auto","background-attachment":"scroll","background-type":"","background-media":"","overlay-type":"","overlay-color":"","overlay-gradient":""},"tablet":{"background-color":"var(--ast-global-color-5)","background-image":"","background-repeat":"repeat","background-position":"center center","background-size":"auto","background-attachment":"scroll","background-type":"","background-media":"","overlay-type":"","overlay-color":"","overlay-gradient":""},"mobile":{"background-color":"var(--ast-global-color-5)","background-image":"","background-repeat":"repeat","background-position":"center center","background-size":"auto","background-attachment":"scroll","background-type":"","background-media":"","overlay-type":"","overlay-color":"","overlay-gradient":""}},"footnotes":""},"class_list":["post-203","page","type-page","status-publish","hentry"],"_links":{"self":[{"href":"https:\/\/rola.la\/rola\/wp-json\/wp\/v2\/pages\/203","targetHints":{"allow":["GET"]}}],"collection":[{"href":"https:\/\/rola.la\/rola\/wp-json\/wp\/v2\/pages"}],"about":[{"href":"https:\/\/rola.la\/rola\/wp-json\/wp\/v2\/types\/page"}],"author":[{"embeddable":true,"href":"https:\/\/rola.la\/rola\/wp-json\/wp\/v2\/users\/2"}],"replies":[{"embeddable":true,"href":"https:\/\/rola.la\/rola\/wp-json\/wp\/v2\/comments?post=203"}],"version-history":[{"count":145,"href":"https:\/\/rola.la\/rola\/wp-json\/wp\/v2\/pages\/203\/revisions"}],"predecessor-version":[{"id":8097,"href":"https:\/\/rola.la\/rola\/wp-json\/wp\/v2\/pages\/203\/revisions\/8097"}],"wp:attachment":[{"href":"https:\/\/rola.la\/rola\/wp-json\/wp\/v2\/media?parent=203"}],"curies":[{"name":"wp","href":"https:\/\/api.w.org\/{rel}","templated":true}]}}